{"id":91,"date":"2024-03-31T14:48:44","date_gmt":"2024-03-31T14:48:44","guid":{"rendered":"https:\/\/www.aquarelinstituut.be\/?page_id=91"},"modified":"2024-05-26T15:08:31","modified_gmt":"2024-05-26T15:08:31","slug":"links","status":"publish","type":"page","link":"https:\/\/www.aquarelinstituut.be\/nl_be\/links\/","title":{"rendered":"Links"},"content":{"rendered":"<p>[et_pb_section fb_built=&#8221;1&#8243; fullwidth=&#8221;on&#8221; _builder_version=&#8221;4.24.2&#8243; _module_preset=&#8221;default&#8221; background_image=&#8221;https:\/\/www.aquarelinstituut.be\/wp-content\/uploads\/2024\/03\/Footer-AIB.jpg&#8221; background_size=&#8221;stretch&#8221; box_shadow_style=&#8221;preset3&#8243; global_colors_info=&#8221;{}&#8221;][et_pb_fullwidth_header title=&#8221;LINKS&#8221; text_orientation=&#8221;center&#8221; _builder_version=&#8221;4.24.2&#8243; _module_preset=&#8221;default&#8221; title_font=&#8221;Montserrat|600|||||||&#8221; title_font_size=&#8221;36px&#8221; title_letter_spacing=&#8221;1px&#8221; background_color=&#8221;RGBA(255,255,255,0)&#8221; background_enable_image=&#8221;off&#8221; background_size=&#8221;contain&#8221; custom_padding=&#8221;16px||16px|||&#8221; title_text_shadow_style=&#8221;preset1&#8243; global_colors_info=&#8221;{}&#8221;][\/et_pb_fullwidth_header][\/et_pb_section][et_pb_section fb_built=&#8221;1&#8243; _builder_version=&#8221;4.24.2&#8243; _module_preset=&#8221;default&#8221; background_color=&#8221;gcid-6b17142a-18a3-4ed8-a20c-2799c7b52314&#8243; custom_padding=&#8221;19px|||||&#8221; border_width_bottom=&#8221;5px&#8221; box_shadow_style=&#8221;preset2&#8243; box_shadow_color=&#8221;#000000&#8243; global_colors_info=&#8221;{%22gcid-6b17142a-18a3-4ed8-a20c-2799c7b52314%22:%91%22background_color%22%93}&#8221;][et_pb_row column_structure=&#8221;1_2,1_2&#8243; _builder_version=&#8221;4.24.2&#8243; _module_preset=&#8221;default&#8221; global_colors_info=&#8221;{}&#8221;][et_pb_column type=&#8221;1_2&#8243; _builder_version=&#8221;4.24.2&#8243; _module_preset=&#8221;default&#8221; global_colors_info=&#8221;{}&#8221;][et_pb_image src=&#8221;https:\/\/www.aquarelinstituut.be\/wp-content\/uploads\/2024\/05\/salzmann_cathedrale_de_bourges.jpg&#8221; title_text=&#8221;salzmann_cathedrale_de_bourges&#8221; align=&#8221;center&#8221; force_fullwidth=&#8221;on&#8221; _builder_version=&#8221;4.25.1&#8243; _module_preset=&#8221;default&#8221; max_height=&#8221;1000px&#8221; custom_padding=&#8221;||2px|||&#8221; global_colors_info=&#8221;{}&#8221;][\/et_pb_image][et_pb_text _builder_version=&#8221;4.25.1&#8243; _module_preset=&#8221;default&#8221; global_colors_info=&#8221;{}&#8221;]<\/p>\n<p>CATH\u00c9DRALE DE BOURGES &#8211; 2012 &#8211; Gottfried Salzmann<\/p>\n<p>[\/et_pb_text][et_pb_text _builder_version=&#8221;4.24.2&#8243; _module_preset=&#8221;default&#8221; text_font=&#8221;|600|||||||&#8221; text_font_size=&#8221;18px&#8221; custom_padding=&#8221;||9px|||&#8221; border_width_bottom=&#8221;2px&#8221; border_color_bottom=&#8221;#285CCA&#8221; global_colors_info=&#8221;{}&#8221;]<\/p>\n<p>LINKS<\/p>\n<p>[\/et_pb_text][et_pb_text _builder_version=&#8221;4.24.2&#8243; _module_preset=&#8221;default&#8221; text_font=&#8221;Montserrat|300|||||||&#8221; global_colors_info=&#8221;{}&#8221;]<\/p>\n<div class=\"clearfix colelem\" id=\"u21077-77\">\n<ul class=\"list0 nls-None\" id=\"u21077-75\">\n<li id=\"u21077-4\"><span><a class=\"nonblock\" href=\"http:\/\/www.bernhard-vogel.at\/de\/\"><span id=\"u21077\">www.bernhard-vogel.at\/de\/<\/span><\/a><\/span><\/li>\n<li id=\"u21077-8\"><span><a class=\"nonblock\" href=\"http:\/\/gottfriedsalzmann.com\"><span id=\"u21077-5\">gottfriedsalzmann.com<\/span><\/a><\/span><\/li>\n<li id=\"u21077-12\"><span><a class=\"nonblock\" href=\"http:\/\/shirleytrevena.com\"><span id=\"u21077-9\">shirleytrevena.com<\/span><\/a><\/span><\/li>\n<li id=\"u21077-16\"><span><a class=\"nonblock\" href=\"http:\/\/www.deutsche-aquarell-gesellschaft.de\"><span id=\"u21077-13\">www.deutsche-aquarell-gesellschaft.de<\/span><\/a><\/span><\/li>\n<li id=\"u21077-20\"><span><a class=\"nonblock\" href=\"http:\/\/www.titusmeeuws.com\"><span id=\"u21077-17\">www.titusmeeuws.com<\/span><\/a><\/span><\/li>\n<li id=\"u21077-24\"><span><a class=\"nonblock\" href=\"http:\/\/www.pietlap.com\/index.php\/\"><span id=\"u21077-21\">www.pietlap.com\/index.php\/<\/span><\/a><\/span><\/li>\n<li id=\"u21077-28\"><span><a class=\"nonblock\" href=\"http:\/\/www.royalwatercoloursociety.co.uk\"><span id=\"u21077-25\">www.royalwatercoloursociety.co.uk<\/span><\/a><\/span><\/li>\n<li id=\"u21077-32\"><span><a class=\"nonblock\" href=\"http:\/\/www.americanwatercolorsociety.org\"><span id=\"u21077-29\">www.americanwatercolorsociety.org<\/span><\/a><\/span><\/li>\n<li id=\"u21077-36\"><span><a class=\"nonblock\" href=\"http:\/\/acuarelistasdeandalucia.es\/portal\/php\/mostrar.php\"><span id=\"u21077-33\">acuarelistasdeandalucia.es\/portal\/php\/mostrar.php<\/span><\/a><\/span><\/li>\n<li id=\"u21077-41\"><span><a class=\"nonblock\" href=\"http:\/\/euskalak.com\">euskalak.com<\/a><\/span> (Basken)<\/li>\n<li id=\"u21077-45\"><span><a class=\"nonblock\" href=\"http:\/\/www.acquerello-aia.it\"><span id=\"u21077-42\">www.acquerello-aia.it<\/span><\/a><\/span><\/li>\n<li id=\"u21077-49\"><span><a class=\"nonblock\" href=\"http:\/\/nordicwatercolour.org\"><span id=\"u21077-46\">nordicwatercolour.org<\/span><\/a><\/span><\/li>\n<li id=\"u21077-53\"><span><a class=\"nonblock\" href=\"http:\/\/akvarellitaiteenyhdistys.fi\"><span id=\"u21077-50\">akvarellitaiteenyhdistys.fi (Finland)<\/span><\/a><\/span><\/li>\n<li id=\"u21077-58\"><span><a class=\"nonblock\" href=\"http:\/\/www.sap-art.pl\">www.sap-art.pl<\/a><\/span> (Polen)<\/li>\n<li id=\"u21077-62\"><span><a class=\"nonblock\" href=\"http:\/\/www.societedesaquarellistesdebretagne.org\"><span id=\"u21077-59\">www.societedesaquarellistesdebretagne.org<\/span><\/a><\/span><\/li>\n<li id=\"u21077-66\"><span><a class=\"nonblock\" href=\"http:\/\/www.societedesaquarellistesdeprovence.fr\"><span id=\"u21077-63\">www.societedesaquarellistesdeprovence.fr<\/span><\/a><\/span><\/li>\n<li id=\"u21077-70\"><span><a class=\"nonblock\" href=\"http:\/\/www.nasmembers.org\"><span id=\"u21077-67\">www.nasmembers.org<\/span><\/a><\/span><\/li>\n<li id=\"u21077-74\"><span><a class=\"nonblock\" href=\"http:\/\/www.akvarellmuseet.org\/en\/about-the-museum\"><span id=\"u21077-71\">www.akvarellmuseet.org\/en\/about-the-museum<\/span><\/a><\/span><\/li>\n<\/ul>\n<\/div>\n<p>[\/et_pb_text][\/et_pb_column][et_pb_column type=&#8221;1_2&#8243; _builder_version=&#8221;4.24.2&#8243; _module_preset=&#8221;default&#8221; global_colors_info=&#8221;{}&#8221;][et_pb_image src=&#8221;https:\/\/www.aquarelinstituut.be\/wp-content\/uploads\/2024\/05\/strand.jpg&#8221; title_text=&#8221;strand&#8221; align=&#8221;center&#8221; force_fullwidth=&#8221;on&#8221; _builder_version=&#8221;4.25.1&#8243; _module_preset=&#8221;default&#8221; max_height=&#8221;1000px&#8221; custom_padding=&#8221;||2px|||&#8221; global_colors_info=&#8221;{}&#8221;][\/et_pb_image][et_pb_text _builder_version=&#8221;4.25.1&#8243; _module_preset=&#8221;default&#8221; custom_margin=&#8221;||373px|||&#8221; hover_enabled=&#8221;0&#8243; global_colors_info=&#8221;{}&#8221; custom_margin_last_edited=&#8221;on|phone&#8221; custom_margin_phone=&#8221;||37px||false|false&#8221; sticky_enabled=&#8221;0&#8243; custom_margin_tablet=&#8221;||373px|||&#8221;]<\/p>\n<p>STRAND &#8211; Piet Vanleuven<\/p>\n<p>[\/et_pb_text][et_pb_text _builder_version=&#8221;4.24.2&#8243; _module_preset=&#8221;default&#8221; text_font=&#8221;|600|||||||&#8221; text_font_size=&#8221;18px&#8221; custom_padding=&#8221;||9px|||&#8221; border_width_bottom=&#8221;2px&#8221; border_color_bottom=&#8221;#285CCA&#8221; global_colors_info=&#8221;{}&#8221;]<\/p>\n<div class=\"clearfix colelem\" id=\"u13600\">\n<div class=\"clearfix colelem\" id=\"u13602-4\">\n<p>ECWS MEMBERS<\/p>\n<\/div>\n<\/div>\n<p>[\/et_pb_text][et_pb_text _builder_version=&#8221;4.24.2&#8243; _module_preset=&#8221;default&#8221; text_font=&#8221;Montserrat|300|||||||&#8221; global_colors_info=&#8221;{}&#8221;]<\/p>\n<ul class=\"list0 nls-None\" id=\"u21041-61\">\n<li id=\"u21041-4\"><span><a class=\"nonblock\" href=\"http:\/\/aquarellistes.com\/\"><span id=\"u21041\">Agrupaci\u00f3 d\u2019Aquarel.listes de Catalunya AAC; Spain<\/span><\/a><\/span><\/li>\n<li id=\"u21041-8\"><span><a class=\"nonblock\" href=\"https:\/\/acuarelistasdeandalucia.es\/portal\/php\/mostrar.php\"><span id=\"u21041-5\">Agrupaci\u00f3n de Acuarelistas de Andaluc\u00eda AAA; Spain<\/span><\/a><\/span><\/li>\n<li id=\"u21041-12\"><span><a class=\"nonblock\" href=\"http:\/\/aadaragon.blogspot.com\/\"><span id=\"u21041-9\">Agrupaci\u00f3n de Acuarelistas de Aragon AADA; Spain<\/span><\/a><\/span><\/li>\n<li id=\"u21041-16\"><span><a class=\"nonblock\" href=\"http:\/\/acuarelistasvascos.blogspot.com\/\"><span id=\"u21041-13\">Agrupaci\u00f3n de Acuarelistas Vascos AAV; Spain<\/span><\/a><\/span><\/li>\n<li id=\"u21041-20\"><span><a class=\"nonblock\" href=\"http:\/\/aedamadrid.org\/\"><span id=\"u21041-17\">Agrupaci\u00f3n Espa\u00f1ola de Acuarelistas AEDA; Spain<\/span><\/a><\/span><\/li>\n<li id=\"u21041-24\"><span><a class=\"nonblock\" href=\"http:\/\/www.aquarelinstituut.be\/\"><span id=\"u21041-21\">Aquarelinstituut van Belgi\u00eb.vzw AIB; Belgium<\/span><\/a><\/span><\/li>\n<li id=\"u21041-28\"><span><a class=\"nonblock\" href=\"http:\/\/www.acquerello-aia.it\"><span id=\"u21041-25\">Associazione Italiana Acquerellisti AIA; Italy<\/span><\/a><\/span><\/li>\n<li id=\"u21041-32\"><span><a class=\"nonblock\" href=\"http:\/\/www.deutsche-aquarell-gesellschaft.de\/\"><span id=\"u21041-29\">Deutsche Aquarell Gesellschaft German Watercolour Association<\/span><\/a><\/span><\/li>\n<li id=\"u21041-36\"><span><a class=\"nonblock\" href=\"http:\/\/www.ecws.eu\/members\/\"><span id=\"u21041-33\">Estonian Watercolour Society EWS; Estonia<\/span><\/a><\/span><\/li>\n<li id=\"u21041-40\"><span><a class=\"nonblock\" href=\"http:\/\/akvarellitaiteenyhdistys.fi\/\"><span id=\"u21041-37\">Finnish Watercolour Society FWS; Finland<\/span><\/a><\/span><\/li>\n<li id=\"u21041-44\"><span><a class=\"nonblock\" href=\"http:\/\/www.ecws.eu\/members\/\"><span id=\"u21041-41\">Grupo de Acuarelistas de Baleares GAB; Spain<\/span><\/a><\/span><\/li>\n<li id=\"u21041-48\"><span><a class=\"nonblock\" href=\"http:\/\/akvarellen.org\/\"><span id=\"u21041-45\">Nordiska Akvarells\u00e4llskapet NAS; Denmark, Iceland, Finland, Norway, Sweden<\/span><\/a><\/span><\/li>\n<li id=\"u21041-52\"><span><a class=\"nonblock\" href=\"http:\/\/www.sap-art.pl\/\"><span id=\"u21041-49\">Polish Watercolour Society PWS; Poland<\/span><\/a><\/span><\/li>\n<li id=\"u21041-56\"><span><a class=\"nonblock\" href=\"https:\/\/www.sfaquarelle.fr\/\"><span id=\"u21041-53\">Soci\u00e9t\u00e9 Fran\u00e7aise de l\u2019Aquarelle SFA; France<\/span><\/a><\/span><\/li>\n<li id=\"u21041-60\"><span><a class=\"nonblock\" href=\"https:\/\/www.watercoloursocietyofireland.com\/\"><span id=\"u21041-57\">The Water Colour Society of Ireland WCSI; Ireland<\/span><\/a><\/span><\/li>\n<\/ul>\n<p>[\/et_pb_text][\/et_pb_column][\/et_pb_row][\/et_pb_section]<\/p>\n","protected":false},"excerpt":{"rendered":"<p>CATH\u00c9DRALE DE BOURGES &#8211; 2012 &#8211; Gottfried SalzmannLINKS www.bernhard-vogel.at\/de\/ gottfriedsalzmann.com shirleytrevena.com www.deutsche-aquarell-gesellschaft.de www.titusmeeuws.com www.pietlap.com\/index.php\/ www.royalwatercoloursociety.co.uk www.americanwatercolorsociety.org acuarelistasdeandalucia.es\/portal\/php\/mostrar.php euskalak.com (Basken) www.acquerello-aia.it nordicwatercolour.org akvarellitaiteenyhdistys.fi (Finland) www.sap-art.pl (Polen) www.societedesaquarellistesdebretagne.org www.societedesaquarellistesdeprovence.fr www.nasmembers.org www.akvarellmuseet.org\/en\/about-the-museum STRAND &#8211; Piet Vanleuven ECWS MEMBERS Agrupaci\u00f3 d\u2019Aquarel.listes de Catalunya AAC; Spain Agrupaci\u00f3n de Acuarelistas de Andaluc\u00eda AAA; Spain Agrupaci\u00f3n de Acuarelistas de Aragon AADA; Spain [&hellip;]<\/p>\n","protected":false},"author":1,"featured_media":0,"parent":0,"menu_order":0,"comment_status":"closed","ping_status":"closed","template":"","meta":{"_et_pb_use_builder":"on","_et_pb_old_content":"","_et_gb_content_width":"","iawp_total_views":428,"footnotes":""},"class_list":["post-91","page","type-page","status-publish","hentry"],"_links":{"self":[{"href":"https:\/\/www.aquarelinstituut.be\/nl_be\/wp-json\/wp\/v2\/pages\/91","targetHints":{"allow":["GET"]}}],"collection":[{"href":"https:\/\/www.aquarelinstituut.be\/nl_be\/wp-json\/wp\/v2\/pages"}],"about":[{"href":"https:\/\/www.aquarelinstituut.be\/nl_be\/wp-json\/wp\/v2\/types\/page"}],"author":[{"embeddable":true,"href":"https:\/\/www.aquarelinstituut.be\/nl_be\/wp-json\/wp\/v2\/users\/1"}],"replies":[{"embeddable":true,"href":"https:\/\/www.aquarelinstituut.be\/nl_be\/wp-json\/wp\/v2\/comments?post=91"}],"version-history":[{"count":4,"href":"https:\/\/www.aquarelinstituut.be\/nl_be\/wp-json\/wp\/v2\/pages\/91\/revisions"}],"predecessor-version":[{"id":691,"href":"https:\/\/www.aquarelinstituut.be\/nl_be\/wp-json\/wp\/v2\/pages\/91\/revisions\/691"}],"wp:attachment":[{"href":"https:\/\/www.aquarelinstituut.be\/nl_be\/wp-json\/wp\/v2\/media?parent=91"}],"curies":[{"name":"wp","href":"https:\/\/api.w.org\/{rel}","templated":true}]}}